{"id":4099,"date":"2023-03-09T15:36:25","date_gmt":"2023-03-09T14:36:25","guid":{"rendered":"https:\/\/belgiumbears.be\/?page_id=4099"},"modified":"2023-03-09T15:36:25","modified_gmt":"2023-03-09T14:36:25","slug":"a-propos-de-nous","status":"publish","type":"page","link":"https:\/\/belgiumbears.be\/fr\/a-propos-de-nous\/","title":{"rendered":"A propos de nous"},"content":{"rendered":"<div class=\"wpb-content-wrapper\"><p>[vc_row css_animation=&#8221;&#8221; row_type=&#8221;row&#8221; use_row_as_full_screen_section=&#8221;no&#8221; type=&#8221;full_width&#8221; angled_section=&#8221;no&#8221; text_align=&#8221;left&#8221; background_image_as_pattern=&#8221;without_pattern&#8221; css=&#8221;.vc_custom_1502800609799{padding-bottom: 110px !important;}&#8221;][vc_column][vc_column_text css=&#8221;.vc_custom_1540899154582{margin-top: -7px !important;}&#8221;]<\/p>\n<h2>A propos des Belgium Bears<\/h2>\n<p>[\/vc_column_text][vc_empty_space height=&#8221;12 px&#8221;][vc_column_text]<strong>Les Belgium Bears est un groupe social<\/strong> g\u00e9r\u00e9 par des hommes gays pour les hommes gays, bisexuels et trans et leurs admirateurs de tous \u00e2ges, formes et races qui s&#8217;identifient \u00e0 la communaut\u00e9 bear.<\/p>\n<p>[vc_separator type=&#8221;transparent&#8221; position=&#8221;center&#8221; color=&#8221;&#8221; thickness=&#8221;12&#8243; up=&#8221;&#8221; down=&#8221;&#8221;]<\/p>\n<p><strong>Dans la culture gay masculine, un ours est souvent un homme plus grand et plus poilu qui projette une image de masculinit\u00e9 robuste.<\/strong> Les ours sont l&#8217;une des nombreuses communaut\u00e9s LGBT avec des \u00e9v\u00e9nements, des codes et une identit\u00e9 culturelle sp\u00e9cifique.[\/vc_column_text][\/vc_column][\/vc_row][vc_row css_animation=&#8221;&#8221; row_type=&#8221;row&#8221; use_row_as_full_screen_section=&#8221;no&#8221; type=&#8221;full_width&#8221; angled_section=&#8221;no&#8221; text_align=&#8221;left&#8221; background_image_as_pattern=&#8221;without_pattern&#8221; padding_top=&#8221;-30&#8243; padding_bottom=&#8221;-30&#8243; css=&#8221;.vc_custom_1540901821190{padding-bottom: 110px !important;}&#8221; z_index=&#8221;&#8221;][vc_column]<a  itemprop=\"url\" href=\"https:\/\/belgiumbears.be\/fr\/adhesion\/\" target=\"_self\"  class=\"qbutton  large default\" style=\"\">Je veux devenir membre<\/a>[\/vc_column][\/vc_row][vc_row css_animation=&#8221;&#8221; row_type=&#8221;row&#8221; use_row_as_full_screen_section=&#8221;no&#8221; type=&#8221;grid&#8221; angled_section=&#8221;no&#8221; text_align=&#8221;left&#8221; background_image_as_pattern=&#8221;without_pattern&#8221; css=&#8221;.vc_custom_1540902288976{padding-bottom: 110px !important;}&#8221; z_index=&#8221;&#8221;][vc_column]<div class='qode_image_gallery_no_space '>\n            <div class='qode_image_gallery_holder' style='height: 250px;'>\n                <ul ><li >\n                    <div style=\"height: 250px; width:334px;\"><a itemprop=\"image\" class=\"prettyphoto\" data-rel=\"prettyPhoto[rel-1692920961]\" href=\"https:\/\/belgiumbears.be\/wp-content\/uploads\/2018\/10\/IMG_9847.jpg\"><img decoding=\"async\" itemprop=\"image\" src=\"https:\/\/belgiumbears.be\/wp-content\/uploads\/2018\/10\/IMG_9847.jpg\" alt=\"\" \/><\/a><\/div><\/li><li >\n                    <div style=\"height: 250px; width:334px;\"><a itemprop=\"image\" class=\"prettyphoto\" data-rel=\"prettyPhoto[rel-1692920961]\" href=\"https:\/\/belgiumbears.be\/wp-content\/uploads\/2018\/10\/IMG_9846.jpg\"><img decoding=\"async\" itemprop=\"image\" src=\"https:\/\/belgiumbears.be\/wp-content\/uploads\/2018\/10\/IMG_9846.jpg\" alt=\"\" \/><\/a><\/div><\/li><li >\n                    <div style=\"height: 250px; width:334px;\"><a itemprop=\"image\" class=\"prettyphoto\" data-rel=\"prettyPhoto[rel-1692920961]\" href=\"https:\/\/belgiumbears.be\/wp-content\/uploads\/2018\/10\/IMG_9845.jpg\"><img decoding=\"async\" itemprop=\"image\" src=\"https:\/\/belgiumbears.be\/wp-content\/uploads\/2018\/10\/IMG_9845.jpg\" alt=\"\" \/><\/a><\/div><\/li><li >\n                    <div style=\"height: 250px; width:375px;\"><a itemprop=\"image\" class=\"prettyphoto\" data-rel=\"prettyPhoto[rel-1692920961]\" href=\"https:\/\/belgiumbears.be\/wp-content\/uploads\/2018\/10\/IMG_9844.jpg\"><img decoding=\"async\" itemprop=\"image\" src=\"https:\/\/belgiumbears.be\/wp-content\/uploads\/2018\/10\/IMG_9844.jpg\" alt=\"\" \/><\/a><\/div><\/li><li >\n                    <div style=\"height: 250px; width:375px;\"><a itemprop=\"image\" class=\"prettyphoto\" data-rel=\"prettyPhoto[rel-1692920961]\" href=\"https:\/\/belgiumbears.be\/wp-content\/uploads\/2018\/10\/Belgium-Bears-group-.jpg\"><img decoding=\"async\" itemprop=\"image\" src=\"https:\/\/belgiumbears.be\/wp-content\/uploads\/2018\/10\/Belgium-Bears-group-.jpg\" alt=\"\" \/><\/a><\/div><\/li><\/ul>\n          <\/div>\n          <div class='controls'>\n              <a class='prev-slide' href='#'><span><i class='fa fa-angle-left'><\/i><\/span><\/a>\n              <a class='next-slide' href='#'><span><i class='fa fa-angle-right'><\/i><\/span><\/a>\n          <\/div>\n      <\/div>[\/vc_column][\/vc_row][vc_row css_animation=&#8221;&#8221; row_type=&#8221;row&#8221; use_row_as_full_screen_section=&#8221;no&#8221; type=&#8221;full_width&#8221; angled_section=&#8221;no&#8221; text_align=&#8221;left&#8221; background_image_as_pattern=&#8221;without_pattern&#8221; css=&#8221;.vc_custom_1502800609799{padding-bottom: 110px !important;}&#8221;][vc_column][vc_empty_space height=&#8221;12px&#8221;][vc_column_text]<strong>Nous organisons des \u00e9v\u00e9nements sociaux sur une base mensuelle. <span style=\"color: #ff0000;\"><a style=\"color: #ff0000;\" href=\"https:\/\/belgiumbears.be\/fr\/evenements\/\">Consultez notre calendrier<\/a><\/span><\/strong> si vous souhaitez conna\u00eetre nos activit\u00e9s pr\u00e9vues. Si <strong><a href=\"https:\/\/belgiumbears.be\/fr\/adhesion\/\">vous devenez membre de Belgium Bears<\/a><\/strong> , vous serez tenu inform\u00e9 de nos \u00e9v\u00e9nements \u00e0 venir via notre newsletter.[\/vc_column_text][\/vc_column][\/vc_row][vc_row css_animation=&#8221;&#8221; row_type=&#8221;row&#8221; use_row_as_full_screen_section=&#8221;no&#8221; type=&#8221;full_width&#8221; angled_section=&#8221;no&#8221; text_align=&#8221;left&#8221; background_image_as_pattern=&#8221;without_pattern&#8221; padding_top=&#8221;-30&#8243; padding_bottom=&#8221;-30&#8243; css=&#8221;.vc_custom_1540901821190{padding-bottom: 110px !important;}&#8221; z_index=&#8221;&#8221;][vc_column]<a  itemprop=\"url\" href=\"https:\/\/belgiumbears.be\/fr\/adhesion\/\" target=\"_self\"  class=\"qbutton  large default\" style=\"\">Je veux devenir membre<\/a>[\/vc_column][\/vc_row][vc_row css_animation=&#8221;&#8221; row_type=&#8221;row&#8221; use_row_as_full_screen_section=&#8221;no&#8221; type=&#8221;full_width&#8221; angled_section=&#8221;no&#8221; text_align=&#8221;left&#8221; background_image_as_pattern=&#8221;without_pattern&#8221; css=&#8221;.vc_custom_1502800609799{padding-bottom: 110px !important;}&#8221;][vc_column][vc_empty_space height=&#8221;12px&#8221;][vc_column_text]<strong>Nous utilisons r\u00e9guli\u00e8rement les m\u00e9dias sociaux tels que Facebook, Twitter, notre site Web et nos newsletters mensuelles pour promouvoir nos \u00e9v\u00e9nements.<\/strong><\/p>\n<p>[vc_separator type=&#8221;transparent&#8221; position=&#8221;center&#8221; color=&#8221;&#8221; thickness=&#8221;12&#8243; up=&#8221;&#8221; down=&#8221;&#8221;]<br \/>\nSuivez nous: <span style=\"color: #000000;\"><span class='q_social_icon_holder normal_social' data-color=#b6b4b4 ><a itemprop='url' href='https:\/\/www.facebook.com\/groups\/BelgiumBears\/' target='_blank'><i class=\"qode_icon_font_awesome fa fa-facebook  simple_social\" style=\"color: #b6b4b4;margin: 0px 0px 0 5px;font-size: 16px;\" ><\/i><\/a><\/span> \u00a0<span class='q_social_icon_holder normal_social' data-color=#b6b4b4 ><a itemprop='url' href='https:\/\/www.twitter.com\/BelgiumBears' target='_blank'><i class=\"qode_icon_font_awesome fa fa-twitter  simple_social\" style=\"color: #b6b4b4;margin: 0px 0px;font-size: 16px;\" ><\/i><\/a><\/span><\/span><\/p>\n<p>[vc_separator type=&#8221;transparent&#8221; position=&#8221;center&#8221; color=&#8221;&#8221; thickness=&#8221;12&#8243; up=&#8221;&#8221; down=&#8221;&#8221;]<\/p>\n<p><strong>Nous avons un comit\u00e9 de 3 personnes et sommes soutenus par des b\u00e9n\u00e9voles en permanence.<\/strong> Nous organisons des \u00e9v\u00e9nements sociaux mensuels et annuels en Belgique (Flandre, Bruxelles, Wallonie). <strong>Nous voyageons \u00e9galement pour soutenir d&#8217;autres groupes d&#8217;ours.<\/strong><\/p>\n<p>[vc_separator type=&#8221;transparent&#8221; position=&#8221;center&#8221; color=&#8221;&#8221; thickness=&#8221;12&#8243; up=&#8221;&#8221; down=&#8221;&#8221;]<\/p>\n<p><strong>Nous sommes ind\u00e9pendants et d\u00e9pendons enti\u00e8rement des dons, des ventes de marchandises, des sponsors et des frais d&#8217;admission le cas \u00e9ch\u00e9ant.<\/strong> Ces revenus sont utilis\u00e9s au profit du club, y compris la location et l&#8217;achat d&#8217;\u00e9quipement, les frais et d\u00e9penses pour nos \u00e9v\u00e9nements sociaux, le mat\u00e9riel promotionnel, etc.<\/p>\n<p>[vc_separator type=&#8221;transparent&#8221; position=&#8221;center&#8221; color=&#8221;&#8221; thickness=&#8221;12&#8243; up=&#8221;&#8221; down=&#8221;&#8221;]<\/p>\n<p>Vous pouvez <strong>nous contacter<\/strong> pour des informations, demandes, recommendations ou r\u00e9clamations via notre adresse mail <span style=\"color: #ff0000;\"><a style=\"color: #ff0000;\" href=\"mailto:info@belgiumbears.be\"><strong>info@belgiumbears.be<\/strong><\/a><\/span>[\/vc_column_text][\/vc_column][\/vc_row][vc_row css_animation=&#8221;&#8221; row_type=&#8221;row&#8221; use_row_as_full_screen_section=&#8221;no&#8221; type=&#8221;full_width&#8221; angled_section=&#8221;no&#8221; text_align=&#8221;left&#8221; background_image_as_pattern=&#8221;without_pattern&#8221; padding_top=&#8221;-30&#8243; padding_bottom=&#8221;-30&#8243; css=&#8221;.vc_custom_1540901821190{padding-bottom: 110px !important;}&#8221; z_index=&#8221;&#8221;][vc_column]<a  itemprop=\"url\" href=\"https:\/\/belgiumbears.be\/fr\/adhesion\/\" target=\"_self\"  class=\"qbutton  large default\" style=\"\">Je veux devenir membre<\/a>[\/vc_column][\/vc_row]<\/p>\n<\/div>","protected":false},"excerpt":{"rendered":"<p>[vc_row css_animation=&#8221;&#8221; row_type=&#8221;row&#8221; use_row_as_full_screen_section=&#8221;no&#8221; type=&#8221;full_width&#8221; angled_section=&#8221;no&#8221; text_align=&#8221;left&#8221; background_image_as_pattern=&#8221;without_pattern&#8221; css=&#8221;.vc_custom_1502800609799{padding-bottom: 110px !important;}&#8221;][vc_column][vc_column_text css=&#8221;.vc_custom_1540899154582{margin-top: -7px !important;}&#8221;] A propos des Belgium Bears [\/vc_column_text][vc_empty_space height=&#8221;12 px&#8221;][vc_column_text]Les Belgium Bears est un groupe social g\u00e9r\u00e9 par des hommes gays pour les hommes gays, bisexuels et trans et leurs admirateurs de tous&#8230;<\/p>\n","protected":false},"author":1,"featured_media":0,"parent":0,"menu_order":0,"comment_status":"closed","ping_status":"closed","template":"","meta":{"footnotes":""},"class_list":["post-4099","page","type-page","status-publish","hentry"],"yoast_head":"<!-- This site is optimized with the Yoast SEO plugin v27.3 - https:\/\/yoast.com\/product\/yoast-seo-wordpress\/ -->\n<title>A propos de nous - Belgium Bears<\/title>\n<meta name=\"robots\" content=\"index, follow, max-snippet:-1, max-image-preview:large, max-video-preview:-1\" \/>\n<link rel=\"canonical\" href=\"https:\/\/belgiumbears.be\/fr\/a-propos-de-nous\/\" \/>\n<meta property=\"og:locale\" content=\"fr_FR\" \/>\n<meta property=\"og:type\" content=\"article\" \/>\n<meta property=\"og:title\" content=\"A propos de nous - Belgium Bears\" \/>\n<meta property=\"og:description\" content=\"[vc_row css_animation=&#8221;&#8221; row_type=&#8221;row&#8221; use_row_as_full_screen_section=&#8221;no&#8221; type=&#8221;full_width&#8221; angled_section=&#8221;no&#8221; text_align=&#8221;left&#8221; background_image_as_pattern=&#8221;without_pattern&#8221; css=&#8221;.vc_custom_1502800609799{padding-bottom: 110px !important;}&#8221;][vc_column][vc_column_text css=&#8221;.vc_custom_1540899154582{margin-top: -7px !important;}&#8221;] A propos des Belgium Bears [\/vc_column_text][vc_empty_space height=&#8221;12 px&#8221;][vc_column_text]Les Belgium Bears est un groupe social g\u00e9r\u00e9 par des hommes gays pour les hommes gays, bisexuels et trans et leurs admirateurs de tous...\" \/>\n<meta property=\"og:url\" content=\"https:\/\/belgiumbears.be\/fr\/a-propos-de-nous\/\" \/>\n<meta property=\"og:site_name\" content=\"Belgium Bears\" \/>\n<meta name=\"twitter:card\" content=\"summary_large_image\" \/>\n<meta name=\"twitter:label1\" content=\"Dur\u00e9e de lecture estim\u00e9e\" \/>\n\t<meta name=\"twitter:data1\" content=\"2 minutes\" \/>\n<script type=\"application\/ld+json\" class=\"yoast-schema-graph\">{\"@context\":\"https:\\\/\\\/schema.org\",\"@graph\":[{\"@type\":\"WebPage\",\"@id\":\"https:\\\/\\\/belgiumbears.be\\\/fr\\\/a-propos-de-nous\\\/\",\"url\":\"https:\\\/\\\/belgiumbears.be\\\/fr\\\/a-propos-de-nous\\\/\",\"name\":\"A propos de nous - Belgium Bears\",\"isPartOf\":{\"@id\":\"https:\\\/\\\/belgiumbears.be\\\/fr\\\/#website\"},\"datePublished\":\"2023-03-09T14:36:25+00:00\",\"breadcrumb\":{\"@id\":\"https:\\\/\\\/belgiumbears.be\\\/fr\\\/a-propos-de-nous\\\/#breadcrumb\"},\"inLanguage\":\"fr-FR\",\"potentialAction\":[{\"@type\":\"ReadAction\",\"target\":[\"https:\\\/\\\/belgiumbears.be\\\/fr\\\/a-propos-de-nous\\\/\"]}]},{\"@type\":\"BreadcrumbList\",\"@id\":\"https:\\\/\\\/belgiumbears.be\\\/fr\\\/a-propos-de-nous\\\/#breadcrumb\",\"itemListElement\":[{\"@type\":\"ListItem\",\"position\":1,\"name\":\"Home\",\"item\":\"https:\\\/\\\/belgiumbears.be\\\/fr\\\/\"},{\"@type\":\"ListItem\",\"position\":2,\"name\":\"A propos de nous\"}]},{\"@type\":\"WebSite\",\"@id\":\"https:\\\/\\\/belgiumbears.be\\\/fr\\\/#website\",\"url\":\"https:\\\/\\\/belgiumbears.be\\\/fr\\\/\",\"name\":\"Belgium Bears\",\"description\":\"Bears Community\",\"potentialAction\":[{\"@type\":\"SearchAction\",\"target\":{\"@type\":\"EntryPoint\",\"urlTemplate\":\"https:\\\/\\\/belgiumbears.be\\\/fr\\\/?s={search_term_string}\"},\"query-input\":{\"@type\":\"PropertyValueSpecification\",\"valueRequired\":true,\"valueName\":\"search_term_string\"}}],\"inLanguage\":\"fr-FR\"}]}<\/script>\n<!-- \/ Yoast SEO plugin. -->","yoast_head_json":{"title":"A propos de nous - Belgium Bears","robots":{"index":"index","follow":"follow","max-snippet":"max-snippet:-1","max-image-preview":"max-image-preview:large","max-video-preview":"max-video-preview:-1"},"canonical":"https:\/\/belgiumbears.be\/fr\/a-propos-de-nous\/","og_locale":"fr_FR","og_type":"article","og_title":"A propos de nous - Belgium Bears","og_description":"[vc_row css_animation=&#8221;&#8221; row_type=&#8221;row&#8221; use_row_as_full_screen_section=&#8221;no&#8221; type=&#8221;full_width&#8221; angled_section=&#8221;no&#8221; text_align=&#8221;left&#8221; background_image_as_pattern=&#8221;without_pattern&#8221; css=&#8221;.vc_custom_1502800609799{padding-bottom: 110px !important;}&#8221;][vc_column][vc_column_text css=&#8221;.vc_custom_1540899154582{margin-top: -7px !important;}&#8221;] A propos des Belgium Bears [\/vc_column_text][vc_empty_space height=&#8221;12 px&#8221;][vc_column_text]Les Belgium Bears est un groupe social g\u00e9r\u00e9 par des hommes gays pour les hommes gays, bisexuels et trans et leurs admirateurs de tous...","og_url":"https:\/\/belgiumbears.be\/fr\/a-propos-de-nous\/","og_site_name":"Belgium Bears","twitter_card":"summary_large_image","twitter_misc":{"Dur\u00e9e de lecture estim\u00e9e":"2 minutes"},"schema":{"@context":"https:\/\/schema.org","@graph":[{"@type":"WebPage","@id":"https:\/\/belgiumbears.be\/fr\/a-propos-de-nous\/","url":"https:\/\/belgiumbears.be\/fr\/a-propos-de-nous\/","name":"A propos de nous - Belgium Bears","isPartOf":{"@id":"https:\/\/belgiumbears.be\/fr\/#website"},"datePublished":"2023-03-09T14:36:25+00:00","breadcrumb":{"@id":"https:\/\/belgiumbears.be\/fr\/a-propos-de-nous\/#breadcrumb"},"inLanguage":"fr-FR","potentialAction":[{"@type":"ReadAction","target":["https:\/\/belgiumbears.be\/fr\/a-propos-de-nous\/"]}]},{"@type":"BreadcrumbList","@id":"https:\/\/belgiumbears.be\/fr\/a-propos-de-nous\/#breadcrumb","itemListElement":[{"@type":"ListItem","position":1,"name":"Home","item":"https:\/\/belgiumbears.be\/fr\/"},{"@type":"ListItem","position":2,"name":"A propos de nous"}]},{"@type":"WebSite","@id":"https:\/\/belgiumbears.be\/fr\/#website","url":"https:\/\/belgiumbears.be\/fr\/","name":"Belgium Bears","description":"Bears Community","potentialAction":[{"@type":"SearchAction","target":{"@type":"EntryPoint","urlTemplate":"https:\/\/belgiumbears.be\/fr\/?s={search_term_string}"},"query-input":{"@type":"PropertyValueSpecification","valueRequired":true,"valueName":"search_term_string"}}],"inLanguage":"fr-FR"}]}},"_links":{"self":[{"href":"https:\/\/belgiumbears.be\/fr\/wp-json\/wp\/v2\/pages\/4099","targetHints":{"allow":["GET"]}}],"collection":[{"href":"https:\/\/belgiumbears.be\/fr\/wp-json\/wp\/v2\/pages"}],"about":[{"href":"https:\/\/belgiumbears.be\/fr\/wp-json\/wp\/v2\/types\/page"}],"author":[{"embeddable":true,"href":"https:\/\/belgiumbears.be\/fr\/wp-json\/wp\/v2\/users\/1"}],"replies":[{"embeddable":true,"href":"https:\/\/belgiumbears.be\/fr\/wp-json\/wp\/v2\/comments?post=4099"}],"version-history":[{"count":22,"href":"https:\/\/belgiumbears.be\/fr\/wp-json\/wp\/v2\/pages\/4099\/revisions"}],"predecessor-version":[{"id":21564,"href":"https:\/\/belgiumbears.be\/fr\/wp-json\/wp\/v2\/pages\/4099\/revisions\/21564"}],"wp:attachment":[{"href":"https:\/\/belgiumbears.be\/fr\/wp-json\/wp\/v2\/media?parent=4099"}],"curies":[{"name":"wp","href":"https:\/\/api.w.org\/{rel}","templated":true}]}}