{"id":4162,"date":"2021-01-11T17:07:35","date_gmt":"2021-01-11T16:07:35","guid":{"rendered":"https:\/\/belgiumbears.be\/?page_id=4162"},"modified":"2023-03-09T14:01:10","modified_gmt":"2023-03-09T13:01:10","slug":"connexion","status":"publish","type":"page","link":"https:\/\/belgiumbears.be\/fr\/connexion\/","title":{"rendered":"Connexion"},"content":{"rendered":"<h3 style=\"text-align: center;\"><strong>Pour acc\u00e9der \u00e0 la partie priv\u00e9e, tu dois \u00eatre enregistr\u00e9.<\/strong><\/h3>\n<p style=\"text-align: center;\"><span style=\"color: #000000;\">[vc_separator type=&#8221;transparent&#8221; position=&#8221;center&#8221; color=&#8221;&#8221; thickness=&#8221;22&#8243; up=&#8221;&#8221; down=&#8221;&#8221;]<\/span><\/p>\n<p style=\"text-align: center;\">\n<div class=\"um um-login um-3922\">\n\t<div class=\"um-form\">\n\t\t<form method=\"post\" action=\"\" autocomplete=\"off\">\n\t\t\t<div class=\"um-row _um_row_1 \" style=\"margin: 0 0 30px 0;\"><div class=\"um-col-1\"><div  id=\"um_field_3922_username\" class=\"um-field um-field-text  um-field-username um-field-text um-field-type_text\" data-key=\"username\"><div class=\"um-field-label\"><label for=\"username-3922\">Identifiant ou e-mail<\/label><div class=\"um-clear\"><\/div><\/div><div class=\"um-field-area\"><input  autocomplete=\"off\" class=\"um-form-field valid \" type=\"text\" name=\"username-3922\" id=\"username-3922\" value=\"\" placeholder=\"\" data-validate=\"unique_username_or_email\" data-key=\"username\"  aria-invalid=\"false\" \/>\n\n\t\t\t\t\t\t<\/div><\/div><div  id=\"um_field_3922_user_password\" class=\"um-field um-field-password  um-field-user_password um-field-password um-field-type_password\" data-key=\"user_password\"><div class=\"um-field-label\"><label for=\"user_password-3922\">Mot de passe<\/label><div class=\"um-clear\"><\/div><\/div><div class=\"um-field-area\"><input class=\"um-form-field valid \" type=\"password\" name=\"user_password-3922\" id=\"user_password-3922\" value=\"\" placeholder=\"\" data-validate=\"\" data-key=\"user_password\"  aria-invalid=\"false\" \/>\n\n\t\t\t\t\t\t\t<\/div><\/div><\/div><\/div>\t<input type=\"hidden\" name=\"form_id\" id=\"form_id_3922\" value=\"3922\" \/>\n\t\t<p class=\"um_request_name\">\n\t\t<label for=\"um_request_3922\">Only fill in if you are not human<\/label>\n\t\t<input type=\"hidden\" name=\"um_request\" id=\"um_request_3922\" class=\"input\" value=\"\" size=\"25\" autocomplete=\"off\" \/>\n\t<\/p>\n\t<input type=\"hidden\" id=\"_wpnonce\" name=\"_wpnonce\" value=\"85421defa1\" \/><input type=\"hidden\" name=\"_wp_http_referer\" value=\"\/fr\/wp-json\/wp\/v2\/pages\/4162\" \/>\n<div class=\"g-recaptcha\" id=\"um-3922\" data-mode=\"login\"><\/div>\n\n\n\t<div class=\"um-col-alt\">\n\n\t\t\n\n\t\t\t<div class=\"um-field um-field-c\">\n\t\t\t\t<div class=\"um-field-area\">\n\t\t\t\t\t<label class=\"um-field-checkbox\">\n\t\t\t\t\t\t<input type=\"checkbox\" name=\"rememberme\" value=\"1\"  \/>\n\t\t\t\t\t\t<span class=\"um-field-checkbox-state\"><i class=\"um-icon-android-checkbox-outline-blank\"><\/i><\/span>\n\t\t\t\t\t\t<span class=\"um-field-checkbox-option\"> Se souvenir de moi<\/span>\n\t\t\t\t\t<\/label>\n\t\t\t\t<\/div>\n\t\t\t<\/div>\n\n\t\t\t\t\t\t<div class=\"um-clear\"><\/div>\n\t\t\n\t\t\t<div class=\"um-left um-half\">\n\t\t\t\t<input type=\"submit\" value=\"Connexion\" class=\"um-button\" id=\"um-submit-btn\" \/>\n\t\t\t<\/div>\n\t\t\t<div class=\"um-right um-half\">\n\t\t\t\t<a href=\"https:\/\/belgiumbears.be\/fr\/adhesion\/\" class=\"um-button um-alt\">\n\t\t\t\t\tS\u2019inscrire\t\t\t\t<\/a>\n\t\t\t<\/div>\n\n\t\t\n\t\t<div class=\"um-clear\"><\/div>\n\n\t<\/div>\n\n\t\n\t<div class=\"um-col-alt-b\">\n\t\t<a href=\"https:\/\/belgiumbears.be\/reset-my-password\/\" class=\"um-link-alt\">\n\t\t\tMot de passe oubli\u00e9\u00a0?\t\t<\/a>\n\t<\/div>\n\n\t\t\t<\/form>\n\t<\/div>\n<\/div>\n<style>\n\t\t\t.um-3922.um {\n\t\t\tmax-width: 450px;\n\t\t}\n\t\t<\/style>\n<\/p>\n<p style=\"text-align: center;\"><span style=\"color: #000000;\">[vc_separator type=&#8221;transparent&#8221; position=&#8221;center&#8221; color=&#8221;&#8221; thickness=&#8221;22&#8243; up=&#8221;&#8221; down=&#8221;&#8221;]<\/span><\/p>\n<p style=\"text-align: center;\">si tu n&#8217;es pas enregistr\u00e9, <strong>REGISTRE-TOI MAINTENANT, c&#8217;est gratuit.&nbsp;<\/strong><\/p>\n<p style=\"text-align: center;\"><span style=\"color: #000000;\">[vc_separator type=&#8221;transparent&#8221; position=&#8221;center&#8221; color=&#8221;&#8221; thickness=&#8221;6&#8243; up=&#8221;&#8221; down=&#8221;&#8221;]<\/span><\/p>\n<p style=\"text-align: center;\">\u00c9v\u00e8nements | Remise sp\u00e9ciale dans notre magasin | Acc\u00e8s complet aux zones priv\u00e9es | Newsletter.<\/p>\n<p style=\"text-align: center;\"><span style=\"color: #000000;\">[vc_separator type=&#8221;transparent&#8221; position=&#8221;center&#8221; color=&#8221;&#8221; thickness=&#8221;55&#8243; up=&#8221;&#8221; down=&#8221;&#8221;]<\/span><\/p>\n<p style=\"text-align: center;\">\n<h4 style=\"text-align: center;\"><\/h4>\n","protected":false},"excerpt":{"rendered":"<p>Pour acc\u00e9der \u00e0 la partie priv\u00e9e, tu dois \u00eatre enregistr\u00e9. [vc_separator type=&#8221;transparent&#8221; position=&#8221;center&#8221; color=&#8221;&#8221; thickness=&#8221;22&#8243; up=&#8221;&#8221; down=&#8221;&#8221;] [vc_separator type=&#8221;transparent&#8221; position=&#8221;center&#8221; color=&#8221;&#8221; thickness=&#8221;22&#8243; up=&#8221;&#8221; down=&#8221;&#8221;] si tu n&#8217;es pas enregistr\u00e9, REGISTRE-TOI MAINTENANT, c&#8217;est gratuit.&nbsp; [vc_separator type=&#8221;transparent&#8221; position=&#8221;center&#8221; color=&#8221;&#8221; thickness=&#8221;6&#8243; up=&#8221;&#8221; down=&#8221;&#8221;] \u00c9v\u00e8nements | Remise sp\u00e9ciale dans&#8230;<\/p>\n","protected":false},"author":1,"featured_media":0,"parent":0,"menu_order":0,"comment_status":"closed","ping_status":"closed","template":"","meta":{"footnotes":""},"class_list":["post-4162","page","type-page","status-publish","hentry"],"yoast_head":"<!-- This site is optimized with the Yoast SEO plugin v27.3 - https:\/\/yoast.com\/product\/yoast-seo-wordpress\/ -->\n<title>Connexion - Belgium Bears<\/title>\n<meta name=\"robots\" content=\"index, follow, max-snippet:-1, max-image-preview:large, max-video-preview:-1\" \/>\n<link rel=\"canonical\" href=\"https:\/\/belgiumbears.be\/fr\/connexion\/\" \/>\n<meta property=\"og:locale\" content=\"fr_FR\" \/>\n<meta property=\"og:type\" content=\"article\" \/>\n<meta property=\"og:title\" content=\"Connexion - Belgium Bears\" \/>\n<meta property=\"og:description\" content=\"Pour acc\u00e9der \u00e0 la partie priv\u00e9e, tu dois \u00eatre enregistr\u00e9. [vc_separator type=&#8221;transparent&#8221; position=&#8221;center&#8221; color=&#8221;&#8221; thickness=&#8221;22&#8243; up=&#8221;&#8221; down=&#8221;&#8221;] [vc_separator type=&#8221;transparent&#8221; position=&#8221;center&#8221; color=&#8221;&#8221; thickness=&#8221;22&#8243; up=&#8221;&#8221; down=&#8221;&#8221;] si tu n&#8217;es pas enregistr\u00e9, REGISTRE-TOI MAINTENANT, c&#8217;est gratuit.&nbsp; [vc_separator type=&#8221;transparent&#8221; position=&#8221;center&#8221; color=&#8221;&#8221; thickness=&#8221;6&#8243; up=&#8221;&#8221; down=&#8221;&#8221;] \u00c9v\u00e8nements | Remise sp\u00e9ciale dans...\" \/>\n<meta property=\"og:url\" content=\"https:\/\/belgiumbears.be\/fr\/connexion\/\" \/>\n<meta property=\"og:site_name\" content=\"Belgium Bears\" \/>\n<meta property=\"article:modified_time\" content=\"2023-03-09T13:01:10+00:00\" \/>\n<meta name=\"twitter:card\" content=\"summary_large_image\" \/>\n<script type=\"application\/ld+json\" class=\"yoast-schema-graph\">{\"@context\":\"https:\\\/\\\/schema.org\",\"@graph\":[{\"@type\":\"WebPage\",\"@id\":\"https:\\\/\\\/belgiumbears.be\\\/fr\\\/connexion\\\/\",\"url\":\"https:\\\/\\\/belgiumbears.be\\\/fr\\\/connexion\\\/\",\"name\":\"Connexion - Belgium Bears\",\"isPartOf\":{\"@id\":\"https:\\\/\\\/belgiumbears.be\\\/fr\\\/#website\"},\"datePublished\":\"2021-01-11T16:07:35+00:00\",\"dateModified\":\"2023-03-09T13:01:10+00:00\",\"breadcrumb\":{\"@id\":\"https:\\\/\\\/belgiumbears.be\\\/fr\\\/connexion\\\/#breadcrumb\"},\"inLanguage\":\"fr-FR\",\"potentialAction\":[{\"@type\":\"ReadAction\",\"target\":[\"https:\\\/\\\/belgiumbears.be\\\/fr\\\/connexion\\\/\"]}]},{\"@type\":\"BreadcrumbList\",\"@id\":\"https:\\\/\\\/belgiumbears.be\\\/fr\\\/connexion\\\/#breadcrumb\",\"itemListElement\":[{\"@type\":\"ListItem\",\"position\":1,\"name\":\"Home\",\"item\":\"https:\\\/\\\/belgiumbears.be\\\/fr\\\/\"},{\"@type\":\"ListItem\",\"position\":2,\"name\":\"Connexion\"}]},{\"@type\":\"WebSite\",\"@id\":\"https:\\\/\\\/belgiumbears.be\\\/fr\\\/#website\",\"url\":\"https:\\\/\\\/belgiumbears.be\\\/fr\\\/\",\"name\":\"Belgium Bears\",\"description\":\"Bears Community\",\"potentialAction\":[{\"@type\":\"SearchAction\",\"target\":{\"@type\":\"EntryPoint\",\"urlTemplate\":\"https:\\\/\\\/belgiumbears.be\\\/fr\\\/?s={search_term_string}\"},\"query-input\":{\"@type\":\"PropertyValueSpecification\",\"valueRequired\":true,\"valueName\":\"search_term_string\"}}],\"inLanguage\":\"fr-FR\"}]}<\/script>\n<!-- \/ Yoast SEO plugin. -->","yoast_head_json":{"title":"Connexion - Belgium Bears","robots":{"index":"index","follow":"follow","max-snippet":"max-snippet:-1","max-image-preview":"max-image-preview:large","max-video-preview":"max-video-preview:-1"},"canonical":"https:\/\/belgiumbears.be\/fr\/connexion\/","og_locale":"fr_FR","og_type":"article","og_title":"Connexion - Belgium Bears","og_description":"Pour acc\u00e9der \u00e0 la partie priv\u00e9e, tu dois \u00eatre enregistr\u00e9. [vc_separator type=&#8221;transparent&#8221; position=&#8221;center&#8221; color=&#8221;&#8221; thickness=&#8221;22&#8243; up=&#8221;&#8221; down=&#8221;&#8221;] [vc_separator type=&#8221;transparent&#8221; position=&#8221;center&#8221; color=&#8221;&#8221; thickness=&#8221;22&#8243; up=&#8221;&#8221; down=&#8221;&#8221;] si tu n&#8217;es pas enregistr\u00e9, REGISTRE-TOI MAINTENANT, c&#8217;est gratuit.&nbsp; [vc_separator type=&#8221;transparent&#8221; position=&#8221;center&#8221; color=&#8221;&#8221; thickness=&#8221;6&#8243; up=&#8221;&#8221; down=&#8221;&#8221;] \u00c9v\u00e8nements | Remise sp\u00e9ciale dans...","og_url":"https:\/\/belgiumbears.be\/fr\/connexion\/","og_site_name":"Belgium Bears","article_modified_time":"2023-03-09T13:01:10+00:00","twitter_card":"summary_large_image","schema":{"@context":"https:\/\/schema.org","@graph":[{"@type":"WebPage","@id":"https:\/\/belgiumbears.be\/fr\/connexion\/","url":"https:\/\/belgiumbears.be\/fr\/connexion\/","name":"Connexion - Belgium Bears","isPartOf":{"@id":"https:\/\/belgiumbears.be\/fr\/#website"},"datePublished":"2021-01-11T16:07:35+00:00","dateModified":"2023-03-09T13:01:10+00:00","breadcrumb":{"@id":"https:\/\/belgiumbears.be\/fr\/connexion\/#breadcrumb"},"inLanguage":"fr-FR","potentialAction":[{"@type":"ReadAction","target":["https:\/\/belgiumbears.be\/fr\/connexion\/"]}]},{"@type":"BreadcrumbList","@id":"https:\/\/belgiumbears.be\/fr\/connexion\/#breadcrumb","itemListElement":[{"@type":"ListItem","position":1,"name":"Home","item":"https:\/\/belgiumbears.be\/fr\/"},{"@type":"ListItem","position":2,"name":"Connexion"}]},{"@type":"WebSite","@id":"https:\/\/belgiumbears.be\/fr\/#website","url":"https:\/\/belgiumbears.be\/fr\/","name":"Belgium Bears","description":"Bears Community","potentialAction":[{"@type":"SearchAction","target":{"@type":"EntryPoint","urlTemplate":"https:\/\/belgiumbears.be\/fr\/?s={search_term_string}"},"query-input":{"@type":"PropertyValueSpecification","valueRequired":true,"valueName":"search_term_string"}}],"inLanguage":"fr-FR"}]}},"_links":{"self":[{"href":"https:\/\/belgiumbears.be\/fr\/wp-json\/wp\/v2\/pages\/4162","targetHints":{"allow":["GET"]}}],"collection":[{"href":"https:\/\/belgiumbears.be\/fr\/wp-json\/wp\/v2\/pages"}],"about":[{"href":"https:\/\/belgiumbears.be\/fr\/wp-json\/wp\/v2\/types\/page"}],"author":[{"embeddable":true,"href":"https:\/\/belgiumbears.be\/fr\/wp-json\/wp\/v2\/users\/1"}],"replies":[{"embeddable":true,"href":"https:\/\/belgiumbears.be\/fr\/wp-json\/wp\/v2\/comments?post=4162"}],"version-history":[{"count":1,"href":"https:\/\/belgiumbears.be\/fr\/wp-json\/wp\/v2\/pages\/4162\/revisions"}],"predecessor-version":[{"id":20261,"href":"https:\/\/belgiumbears.be\/fr\/wp-json\/wp\/v2\/pages\/4162\/revisions\/20261"}],"wp:attachment":[{"href":"https:\/\/belgiumbears.be\/fr\/wp-json\/wp\/v2\/media?parent=4162"}],"curies":[{"name":"wp","href":"https:\/\/api.w.org\/{rel}","templated":true}]}}