{"id":4199,"date":"2023-03-09T15:44:52","date_gmt":"2023-03-09T14:44:52","guid":{"rendered":"https:\/\/belgiumbears.be\/?page_id=4199"},"modified":"2024-10-30T08:15:00","modified_gmt":"2024-10-30T07:15:00","slug":"contactez-nous","status":"publish","type":"page","link":"https:\/\/belgiumbears.be\/fr\/contactez-nous\/","title":{"rendered":"Contactez-nous"},"content":{"rendered":"<div class=\"wpb-content-wrapper\"><p>[vc_row css_animation=&#8221;&#8221; row_type=&#8221;row&#8221; use_row_as_full_screen_section=&#8221;no&#8221; type=&#8221;grid&#8221; angled_section=&#8221;no&#8221; text_align=&#8221;left&#8221; background_image_as_pattern=&#8221;without_pattern&#8221; css=&#8221;.vc_custom_1502897097830{padding-top: 111px !important;padding-bottom: 24px !important;}&#8221;][vc_column offset=&#8221;vc_col-lg-6 vc_col-md-6&#8243;][vc_column_text]<\/p>\n<h2>Contactez-nous<\/h2>\n<p>[\/vc_column_text][vc_empty_space height=&#8221;25px&#8221;]<p class=\"wpcf7-contact-form-not-found\"><strong>Erreur\u00a0:<\/strong> Formulaire de contact non trouv\u00e9\u00a0!<\/p>[vc_empty_space height=&#8221;76px&#8221;][\/vc_column][vc_column offset=&#8221;vc_col-lg-6 vc_col-md-6&#8243;][vc_empty_space height=&#8221;16px&#8221;][vc_column_text]<\/p>\n<h3>Besoin de plus d&#8217;informations sur les Belgium Bears?<\/h3>\n<p>[\/vc_column_text][vc_empty_space height=&#8221;21px&#8221;][vc_column_text]Avez-vous des questions \u00e0 propos de l&#8217;adh\u00e9sion?<\/p>\n<p>Comment r\u00e9server des billets pour des \u00e9v\u00e8nements ou acheter dans notre boutique?<\/p>\n<p>Faites-nous part de vos suggestions. <strong>Nous vous contacterons. <\/strong>[\/vc_column_text][vc_empty_space height=&#8221;43px&#8221;][vc_column_text]<img loading=\"lazy\" decoding=\"async\" class=\"alignnone wp-image-3066 size-full\" src=\"https:\/\/belgiumbears.be\/wp-content\/uploads\/2018\/10\/bears-pic-e1540634769875.jpg\" alt=\"\" width=\"120\" height=\"84\">     <img loading=\"lazy\" decoding=\"async\" class=\"alignnone wp-image-3694\" src=\"https:\/\/belgiumbears.be\/wp-content\/uploads\/2018\/12\/U_BelgBears_1000@2x-150x150.png\" alt=\"\" width=\"309\" height=\"84\" srcset=\"https:\/\/belgiumbears.be\/wp-content\/uploads\/2018\/12\/U_BelgBears_1000@2x-300x82.png 300w, https:\/\/belgiumbears.be\/wp-content\/uploads\/2018\/12\/U_BelgBears_1000@2x-768x209.png 768w, https:\/\/belgiumbears.be\/wp-content\/uploads\/2018\/12\/U_BelgBears_1000@2x-1024x279.png 1024w, https:\/\/belgiumbears.be\/wp-content\/uploads\/2018\/12\/U_BelgBears_1000@2x-700x190.png 700w, https:\/\/belgiumbears.be\/wp-content\/uploads\/2018\/12\/U_BelgBears_1000@2x-600x163.png 600w, https:\/\/belgiumbears.be\/wp-content\/uploads\/2018\/12\/U_BelgBears_1000@2x.png 2000w\" sizes=\"auto, (max-width: 309px) 100vw, 309px\" \/><\/p>\n<p>[vc_separator type=&#8221;transparent&#8221; position=&#8221;center&#8221; color=&#8221;&#8221; thickness=&#8221;&#8221; up=&#8221;&#8221; down=&#8221;&#8221;]<\/p>\n<p>\u00a9 2023 Belgique Bears. Tous droits r\u00e9serv\u00e9s.<\/p>\n<p>[vc_separator type=&#8221;transparent&#8221; position=&#8221;center&#8221; color=&#8221;&#8221; thickness=&#8221;4&#8243; up=&#8221;&#8221; down=&#8221;&#8221;]<\/p>\n<p>Compte bancaire IBAN: BE26 3632 2559 1829 BIC: BBRU BE BB[\/vc_column_text][vc_empty_space height=&#8221;21px&#8221;][qode_elements_holder number_of_columns=&#8221;one_column&#8221;][qode_elements_holder_item item_padding=&#8221;0 38% 0 0&#8243; advanced_animations=&#8221;no&#8221; item_padding_1024_1280=&#8221;0 31% 0 0&#8243; item_padding_768_1024=&#8221;0 20% 0 0&#8243; item_padding_600_768=&#8221;0 38% 0 0&#8243; item_padding_480_600=&#8221;0px 0px 66px&#8221; item_padding_480=&#8221;0px 0px 66px&#8221;]<div class=\"q_icon_list\"><i class=\"qodef-icon-dripicons dripicon dripicons-mail qode-ili-icon-holder transparent\" style=\"font-size: 19px;color: #00a699;\" ><\/i><p style=\"font-size: 15px;font-weight: 400;\">info@belgiumbears.be<\/p><\/div>[vc_empty_space height=&#8221;23px&#8221;][\/qode_elements_holder_item][\/qode_elements_holder][vc_empty_space height=&#8221;63px&#8221;][\/vc_column][\/vc_row]<\/p>\n<\/div>","protected":false},"excerpt":{"rendered":"<p>[vc_row css_animation=&#8221;&#8221; row_type=&#8221;row&#8221; use_row_as_full_screen_section=&#8221;no&#8221; type=&#8221;grid&#8221; angled_section=&#8221;no&#8221; text_align=&#8221;left&#8221; background_image_as_pattern=&#8221;without_pattern&#8221; css=&#8221;.vc_custom_1502897097830{padding-top: 111px !important;padding-bottom: 24px !important;}&#8221;][vc_column offset=&#8221;vc_col-lg-6 vc_col-md-6&#8243;][vc_column_text] Contactez-nous [\/vc_column_text][vc_empty_space height=&#8221;25px&#8221;][vc_empty_space height=&#8221;76px&#8221;][\/vc_column][vc_column offset=&#8221;vc_col-lg-6 vc_col-md-6&#8243;][vc_empty_space height=&#8221;16px&#8221;][vc_column_text] Besoin de plus d&#8217;informations sur les Belgium Bears? [\/vc_column_text][vc_empty_space height=&#8221;21px&#8221;][vc_column_text]Avez-vous des questions \u00e0 propos de l&#8217;adh\u00e9sion? Comment r\u00e9server des billets pour des \u00e9v\u00e8nements&#8230;<\/p>\n","protected":false},"author":1,"featured_media":0,"parent":0,"menu_order":0,"comment_status":"closed","ping_status":"closed","template":"full_width.php","meta":{"footnotes":""},"class_list":["post-4199","page","type-page","status-publish","hentry"],"yoast_head":"<!-- This site is optimized with the Yoast SEO plugin v27.2 - https:\/\/yoast.com\/product\/yoast-seo-wordpress\/ -->\n<title>Contactez-nous - Belgium Bears<\/title>\n<meta name=\"robots\" content=\"index, follow, max-snippet:-1, max-image-preview:large, max-video-preview:-1\" \/>\n<link rel=\"canonical\" href=\"https:\/\/belgiumbears.be\/fr\/contactez-nous\/\" \/>\n<meta property=\"og:locale\" content=\"fr_FR\" \/>\n<meta property=\"og:type\" content=\"article\" \/>\n<meta property=\"og:title\" content=\"Contactez-nous - Belgium Bears\" \/>\n<meta property=\"og:description\" content=\"[vc_row css_animation=&#8221;&#8221; row_type=&#8221;row&#8221; use_row_as_full_screen_section=&#8221;no&#8221; type=&#8221;grid&#8221; angled_section=&#8221;no&#8221; text_align=&#8221;left&#8221; background_image_as_pattern=&#8221;without_pattern&#8221; css=&#8221;.vc_custom_1502897097830{padding-top: 111px !important;padding-bottom: 24px !important;}&#8221;][vc_column offset=&#8221;vc_col-lg-6 vc_col-md-6&#8243;][vc_column_text] Contactez-nous [\/vc_column_text][vc_empty_space height=&#8221;25px&#8221;][vc_empty_space height=&#8221;76px&#8221;][\/vc_column][vc_column offset=&#8221;vc_col-lg-6 vc_col-md-6&#8243;][vc_empty_space height=&#8221;16px&#8221;][vc_column_text] Besoin de plus d&#8217;informations sur les Belgium Bears? [\/vc_column_text][vc_empty_space height=&#8221;21px&#8221;][vc_column_text]Avez-vous des questions \u00e0 propos de l&#8217;adh\u00e9sion? Comment r\u00e9server des billets pour des \u00e9v\u00e8nements...\" \/>\n<meta property=\"og:url\" content=\"https:\/\/belgiumbears.be\/fr\/contactez-nous\/\" \/>\n<meta property=\"og:site_name\" content=\"Belgium Bears\" \/>\n<meta property=\"article:modified_time\" content=\"2024-10-30T07:15:00+00:00\" \/>\n<meta property=\"og:image\" content=\"https:\/\/belgiumbears.be\/wp-content\/uploads\/2018\/10\/bears-pic-e1540634769875.jpg\" \/>\n<meta name=\"twitter:card\" content=\"summary_large_image\" \/>\n<meta name=\"twitter:label1\" content=\"Dur\u00e9e de lecture estim\u00e9e\" \/>\n\t<meta name=\"twitter:data1\" content=\"1 minute\" \/>\n<script type=\"application\/ld+json\" class=\"yoast-schema-graph\">{\"@context\":\"https:\/\/schema.org\",\"@graph\":[{\"@type\":\"WebPage\",\"@id\":\"https:\/\/belgiumbears.be\/fr\/contactez-nous\/\",\"url\":\"https:\/\/belgiumbears.be\/fr\/contactez-nous\/\",\"name\":\"Contactez-nous - Belgium Bears\",\"isPartOf\":{\"@id\":\"https:\/\/belgiumbears.be\/fr\/#website\"},\"primaryImageOfPage\":{\"@id\":\"https:\/\/belgiumbears.be\/fr\/contactez-nous\/#primaryimage\"},\"image\":{\"@id\":\"https:\/\/belgiumbears.be\/fr\/contactez-nous\/#primaryimage\"},\"thumbnailUrl\":\"https:\/\/belgiumbears.be\/wp-content\/uploads\/2018\/10\/bears-pic-e1540634769875.jpg\",\"datePublished\":\"2023-03-09T14:44:52+00:00\",\"dateModified\":\"2024-10-30T07:15:00+00:00\",\"breadcrumb\":{\"@id\":\"https:\/\/belgiumbears.be\/fr\/contactez-nous\/#breadcrumb\"},\"inLanguage\":\"fr-FR\",\"potentialAction\":[{\"@type\":\"ReadAction\",\"target\":[\"https:\/\/belgiumbears.be\/fr\/contactez-nous\/\"]}]},{\"@type\":\"ImageObject\",\"inLanguage\":\"fr-FR\",\"@id\":\"https:\/\/belgiumbears.be\/fr\/contactez-nous\/#primaryimage\",\"url\":\"https:\/\/belgiumbears.be\/wp-content\/uploads\/2018\/10\/bears-pic-e1540634769875.jpg\",\"contentUrl\":\"https:\/\/belgiumbears.be\/wp-content\/uploads\/2018\/10\/bears-pic-e1540634769875.jpg\"},{\"@type\":\"BreadcrumbList\",\"@id\":\"https:\/\/belgiumbears.be\/fr\/contactez-nous\/#breadcrumb\",\"itemListElement\":[{\"@type\":\"ListItem\",\"position\":1,\"name\":\"Home\",\"item\":\"https:\/\/belgiumbears.be\/fr\/\"},{\"@type\":\"ListItem\",\"position\":2,\"name\":\"Contactez-nous\"}]},{\"@type\":\"WebSite\",\"@id\":\"https:\/\/belgiumbears.be\/fr\/#website\",\"url\":\"https:\/\/belgiumbears.be\/fr\/\",\"name\":\"Belgium Bears\",\"description\":\"Bears Community\",\"potentialAction\":[{\"@type\":\"SearchAction\",\"target\":{\"@type\":\"EntryPoint\",\"urlTemplate\":\"https:\/\/belgiumbears.be\/fr\/?s={search_term_string}\"},\"query-input\":{\"@type\":\"PropertyValueSpecification\",\"valueRequired\":true,\"valueName\":\"search_term_string\"}}],\"inLanguage\":\"fr-FR\"}]}<\/script>\n<!-- \/ Yoast SEO plugin. -->","yoast_head_json":{"title":"Contactez-nous - Belgium Bears","robots":{"index":"index","follow":"follow","max-snippet":"max-snippet:-1","max-image-preview":"max-image-preview:large","max-video-preview":"max-video-preview:-1"},"canonical":"https:\/\/belgiumbears.be\/fr\/contactez-nous\/","og_locale":"fr_FR","og_type":"article","og_title":"Contactez-nous - Belgium Bears","og_description":"[vc_row css_animation=&#8221;&#8221; row_type=&#8221;row&#8221; use_row_as_full_screen_section=&#8221;no&#8221; type=&#8221;grid&#8221; angled_section=&#8221;no&#8221; text_align=&#8221;left&#8221; background_image_as_pattern=&#8221;without_pattern&#8221; css=&#8221;.vc_custom_1502897097830{padding-top: 111px !important;padding-bottom: 24px !important;}&#8221;][vc_column offset=&#8221;vc_col-lg-6 vc_col-md-6&#8243;][vc_column_text] Contactez-nous [\/vc_column_text][vc_empty_space height=&#8221;25px&#8221;][vc_empty_space height=&#8221;76px&#8221;][\/vc_column][vc_column offset=&#8221;vc_col-lg-6 vc_col-md-6&#8243;][vc_empty_space height=&#8221;16px&#8221;][vc_column_text] Besoin de plus d&#8217;informations sur les Belgium Bears? [\/vc_column_text][vc_empty_space height=&#8221;21px&#8221;][vc_column_text]Avez-vous des questions \u00e0 propos de l&#8217;adh\u00e9sion? Comment r\u00e9server des billets pour des \u00e9v\u00e8nements...","og_url":"https:\/\/belgiumbears.be\/fr\/contactez-nous\/","og_site_name":"Belgium Bears","article_modified_time":"2024-10-30T07:15:00+00:00","og_image":[{"url":"https:\/\/belgiumbears.be\/wp-content\/uploads\/2018\/10\/bears-pic-e1540634769875.jpg","type":"","width":"","height":""}],"twitter_card":"summary_large_image","twitter_misc":{"Dur\u00e9e de lecture estim\u00e9e":"1 minute"},"schema":{"@context":"https:\/\/schema.org","@graph":[{"@type":"WebPage","@id":"https:\/\/belgiumbears.be\/fr\/contactez-nous\/","url":"https:\/\/belgiumbears.be\/fr\/contactez-nous\/","name":"Contactez-nous - Belgium Bears","isPartOf":{"@id":"https:\/\/belgiumbears.be\/fr\/#website"},"primaryImageOfPage":{"@id":"https:\/\/belgiumbears.be\/fr\/contactez-nous\/#primaryimage"},"image":{"@id":"https:\/\/belgiumbears.be\/fr\/contactez-nous\/#primaryimage"},"thumbnailUrl":"https:\/\/belgiumbears.be\/wp-content\/uploads\/2018\/10\/bears-pic-e1540634769875.jpg","datePublished":"2023-03-09T14:44:52+00:00","dateModified":"2024-10-30T07:15:00+00:00","breadcrumb":{"@id":"https:\/\/belgiumbears.be\/fr\/contactez-nous\/#breadcrumb"},"inLanguage":"fr-FR","potentialAction":[{"@type":"ReadAction","target":["https:\/\/belgiumbears.be\/fr\/contactez-nous\/"]}]},{"@type":"ImageObject","inLanguage":"fr-FR","@id":"https:\/\/belgiumbears.be\/fr\/contactez-nous\/#primaryimage","url":"https:\/\/belgiumbears.be\/wp-content\/uploads\/2018\/10\/bears-pic-e1540634769875.jpg","contentUrl":"https:\/\/belgiumbears.be\/wp-content\/uploads\/2018\/10\/bears-pic-e1540634769875.jpg"},{"@type":"BreadcrumbList","@id":"https:\/\/belgiumbears.be\/fr\/contactez-nous\/#breadcrumb","itemListElement":[{"@type":"ListItem","position":1,"name":"Home","item":"https:\/\/belgiumbears.be\/fr\/"},{"@type":"ListItem","position":2,"name":"Contactez-nous"}]},{"@type":"WebSite","@id":"https:\/\/belgiumbears.be\/fr\/#website","url":"https:\/\/belgiumbears.be\/fr\/","name":"Belgium Bears","description":"Bears Community","potentialAction":[{"@type":"SearchAction","target":{"@type":"EntryPoint","urlTemplate":"https:\/\/belgiumbears.be\/fr\/?s={search_term_string}"},"query-input":{"@type":"PropertyValueSpecification","valueRequired":true,"valueName":"search_term_string"}}],"inLanguage":"fr-FR"}]}},"_links":{"self":[{"href":"https:\/\/belgiumbears.be\/fr\/wp-json\/wp\/v2\/pages\/4199","targetHints":{"allow":["GET"]}}],"collection":[{"href":"https:\/\/belgiumbears.be\/fr\/wp-json\/wp\/v2\/pages"}],"about":[{"href":"https:\/\/belgiumbears.be\/fr\/wp-json\/wp\/v2\/types\/page"}],"author":[{"embeddable":true,"href":"https:\/\/belgiumbears.be\/fr\/wp-json\/wp\/v2\/users\/1"}],"replies":[{"embeddable":true,"href":"https:\/\/belgiumbears.be\/fr\/wp-json\/wp\/v2\/comments?post=4199"}],"version-history":[{"count":16,"href":"https:\/\/belgiumbears.be\/fr\/wp-json\/wp\/v2\/pages\/4199\/revisions"}],"predecessor-version":[{"id":22390,"href":"https:\/\/belgiumbears.be\/fr\/wp-json\/wp\/v2\/pages\/4199\/revisions\/22390"}],"wp:attachment":[{"href":"https:\/\/belgiumbears.be\/fr\/wp-json\/wp\/v2\/media?parent=4199"}],"curies":[{"name":"wp","href":"https:\/\/api.w.org\/{rel}","templated":true}]}}